{"id":516,"date":"2023-07-05T05:30:54","date_gmt":"2023-07-05T05:30:54","guid":{"rendered":"https:\/\/kmk-schwandorf.de\/?page_id=516"},"modified":"2026-02-09T10:58:35","modified_gmt":"2026-02-09T10:58:35","slug":"aktuelles-2","status":"publish","type":"page","link":"https:\/\/kmk-schwandorf.de\/?page_id=516","title":{"rendered":"Aktuelles"},"content":{"rendered":"\n<h3 class=\"wp-block-heading\">Brahms trifft Elgar \u2013 das Fr\u00fchlingskonzert des Oratorienchors Schwandorf<\/h3>\n\n\n\n<p>HINWEIS: DAS KONZERT WURDE AUF APRIL 2027&nbsp;VERSCHOBEN<\/p>\n\n\n\n<p>Der Oratorienchor Schwandorf unter der Leitung von Wolfgang Kraus bringt Fr\u00fchlingsgef\u00fchle mit den \u201eLiebesliedern\u201c von Johannes Brahms, umrahmt von Edward Elgars \u201eFrom the Bavarian Highlands\u201c \u2013 ein schwungvoller Liedzyklus im Stil der bayerischen Volksmusik in englischer Sprache!\u00a0<\/p>\n\n\n\n<p><\/p>\n\n\n\n<hr class=\"wp-block-separator has-alpha-channel-opacity\"\/>\n\n\n\n<h3 class=\"wp-block-heading\">Schwandorfer Musiksch\u00fcler zeigten beachtliches K\u00f6nnen<\/h3>\n\n\n\n<p>Gastspiel\u201c des Oratorienchors beim Adventskonzert der Musikschule Schwandorf<\/p>\n\n\n\n<p><strong>Bericht zum Adventskonzert<\/strong> am Sonntag, 21. Dezember in der MZ: <a href=\"https:\/\/www.mittelbayerische.de\/lokales\/landkreis-schwandorf\/schwandorfer-musikschueler-zeigten-beachtliches-koennen-20191189\" target=\"_blank\" rel=\"noreferrer noopener\">Schwandorfer Musiksch\u00fcler zeigten beachtliches K\u00f6nnen<\/a><\/p>\n\n\n\n<p><\/p>\n\n\n\n<hr class=\"wp-block-separator has-alpha-channel-opacity\"\/>\n\n\n\n<h3 class=\"wp-block-heading\">Oratorienchor plant zwei Konzerte \u2013 Neuwahl bei Konrad-Max-Kunz F\u00f6rdervereinigung<\/h3>\n\n\n\n<p>Schwandorf. Neuwahlen standen am 18.12.2025 bei der Konrad-Max-Kunz F\u00f6rdervereinigung auf der Tagesordnung.Dabei gab es Ver\u00e4nderungen im Vorstandsteam. Die bisherige 2. Vorsitzende Cornelia Horsch und die Schriftf\u00fchrerin Christina Fink legten ihre \u00c4mter nieder, k\u00fcndigten aber an, dem Verein weiterhin verbunden zu bleiben.<\/p>\n\n\n\n<p><strong>Weiterlesen:<\/strong> <a href=\"https:\/\/kmk-schwandorf.de\/?p=823\" data-type=\"post\" data-id=\"823\">Mit sch\u00f6nen Auff\u00fchrungen begeistern<\/a><\/p>\n\n\n\n<p><\/p>\n","protected":false},"excerpt":{"rendered":"<p>Brahms trifft Elgar \u2013 das Fr\u00fchlingskonzert des Oratorienchors Schwandorf HINWEIS: DAS KONZERT WURDE AUF APRIL 2027&nbsp;VERSCHOBEN Der Oratorienchor Schwandorf unter der Leitung von Wolfgang Kraus bringt Fr\u00fchlingsgef\u00fchle mit den \u201eLiebesliedern\u201c &#8230;<\/p>\n","protected":false},"author":1,"featured_media":0,"parent":0,"menu_order":0,"comment_status":"closed","ping_status":"closed","template":"","meta":{"footnotes":""},"class_list":["post-516","page","type-page","status-publish","hentry"],"_links":{"self":[{"href":"https:\/\/kmk-schwandorf.de\/index.php?rest_route=\/wp\/v2\/pages\/516","targetHints":{"allow":["GET"]}}],"collection":[{"href":"https:\/\/kmk-schwandorf.de\/index.php?rest_route=\/wp\/v2\/pages"}],"about":[{"href":"https:\/\/kmk-schwandorf.de\/index.php?rest_route=\/wp\/v2\/types\/page"}],"author":[{"embeddable":true,"href":"https:\/\/kmk-schwandorf.de\/index.php?rest_route=\/wp\/v2\/users\/1"}],"replies":[{"embeddable":true,"href":"https:\/\/kmk-schwandorf.de\/index.php?rest_route=%2Fwp%2Fv2%2Fcomments&post=516"}],"version-history":[{"count":113,"href":"https:\/\/kmk-schwandorf.de\/index.php?rest_route=\/wp\/v2\/pages\/516\/revisions"}],"predecessor-version":[{"id":901,"href":"https:\/\/kmk-schwandorf.de\/index.php?rest_route=\/wp\/v2\/pages\/516\/revisions\/901"}],"wp:attachment":[{"href":"https:\/\/kmk-schwandorf.de\/index.php?rest_route=%2Fwp%2Fv2%2Fmedia&parent=516"}],"curies":[{"name":"wp","href":"https:\/\/api.w.org\/{rel}","templated":true}]}}