{"id":40,"date":"2017-08-14T08:29:30","date_gmt":"2017-08-14T08:29:30","guid":{"rendered":"http:\/\/kmk-schwandorf.de\/?page_id=40"},"modified":"2026-02-09T11:03:21","modified_gmt":"2026-02-09T11:03:21","slug":"one-page-express","status":"publish","type":"page","link":"https:\/\/kmk-schwandorf.de\/","title":{"rendered":"Startseite"},"content":{"rendered":"<h4 style=\"text-align: left;\">Konrad Max Kunz<\/h4>\n<p style=\"text-align: left;\"><strong>Unser Namensgeber Konrad Max Kunz, 1812 in Schwandorf geboren, war Komponist, Musikp\u00e4dagoge und einer der f\u00fchrenden Vertreter der Chor-und S\u00e4ngerbewegung des 19. Jahrhunderts. 1860 hat er die Melodie der sp\u00e4teren Bayernhymne komponiert.<\/strong><\/p>\n<p style=\"text-align: left;\">\u00a0Wir sind ein gemeinn\u00fctziger Verein, der sich die Musik- und Kulturpflege in Stadt- und Landkreis Schwandorf zur Aufgabe gemacht hat.<\/p>\n<p><img fetchpriority=\"high\" decoding=\"async\" class=\"alignleft size-full wp-image-481\" src=\"https:\/\/kmk-schwandorf.de\/wp-content\/uploads\/2023\/03\/Oratorienchor-Schwandorf-Foto-Peter-Mayer-Publicmagazin.jpg\" alt=\"\" width=\"2048\" height=\"1202\" srcset=\"https:\/\/kmk-schwandorf.de\/wp-content\/uploads\/2023\/03\/Oratorienchor-Schwandorf-Foto-Peter-Mayer-Publicmagazin.jpg 2048w, https:\/\/kmk-schwandorf.de\/wp-content\/uploads\/2023\/03\/Oratorienchor-Schwandorf-Foto-Peter-Mayer-Publicmagazin-300x176.jpg 300w, https:\/\/kmk-schwandorf.de\/wp-content\/uploads\/2023\/03\/Oratorienchor-Schwandorf-Foto-Peter-Mayer-Publicmagazin-1024x601.jpg 1024w, https:\/\/kmk-schwandorf.de\/wp-content\/uploads\/2023\/03\/Oratorienchor-Schwandorf-Foto-Peter-Mayer-Publicmagazin-768x451.jpg 768w, https:\/\/kmk-schwandorf.de\/wp-content\/uploads\/2023\/03\/Oratorienchor-Schwandorf-Foto-Peter-Mayer-Publicmagazin-1536x902.jpg 1536w\" sizes=\"(max-width: 2048px) 100vw, 2048px\" \/><\/p>\n<p><a href=\"http:\/\/oratorienchor-schwandorf.de\/\"><br \/><\/a><a href=\"http:\/\/oratorienchor-schwandorf.de\/\" target=\"_blank\" rel=\"noopener\"><img decoding=\"async\" title=\"LOGO CHOR\" src=\"https:\/\/kmk-schwandorf.de\/wp-content\/uploads\/elementor\/thumbs\/LOGO-CHOR-oslc0uhk8b0edrze544s6ff7llsepeumzzhzsyl65q.png\" alt=\"LOGO CHOR\" width=\"150\" height=\"75\" \/><\/a><\/p>\n<section style=\"box-sizing: border-box; display: block; align-self: auto; flex: 0 1 auto; --widgets-spacing: 20px 20px; --widgets-spacing-row: 20px; --widgets-spacing-column: 20px; font-size: 14px; font-weight: 400; text-align: start;\" data-id=\"992c2f1\" data-element_type=\"section\"><\/section>\n\n\n<hr class=\"wp-block-separator has-alpha-channel-opacity\"\/>\n\n\n\n<h3 class=\"wp-block-heading has-text-color has-link-color wp-elements-f35bfe550cbd4c1dc24e6416159a351a\" style=\"color:#251d68\">Veranstaltungshinweis<\/h3>\n\n\n\n<h3 class=\"wp-block-heading\">Brahms trifft Elgar &#8211; das Fr\u00fchlingskonzert des Oratorienchors Schwandorf<\/h3>\n\n\n\n<p>HINWEIS: DAS KONZERT WURDE AUF APRIL 2027&nbsp;VERSCHOBEN <\/p>\n\n\n\n<p><strong>Der Oratorienchor Schwandorf unter der Leitung von Wolfgang Kraus bringt Fr\u00fchlingsgef\u00fchle mit den &#8222;Liebesliedern&#8220; von Johannes Brahms, umrahmt von Edward Elgars &#8222;From the Bavarian Highlands&#8220; &#8211; ein schwungvoller Liedzyklus im Stil der bayerischen Volksmusik in englischer Sprache!\u00a0<\/strong><\/p>\n\n\n\n<p><\/p>\n","protected":false},"excerpt":{"rendered":"<p>Konrad Max Kunz Unser Namensgeber Konrad Max Kunz, 1812 in Schwandorf geboren, war Komponist, Musikp\u00e4dagoge und einer der f\u00fchrenden Vertreter der Chor-und S\u00e4ngerbewegung des 19. Jahrhunderts. 1860 hat er die &#8230;<\/p>\n","protected":false},"author":1,"featured_media":0,"parent":0,"menu_order":0,"comment_status":"closed","ping_status":"closed","template":"","meta":{"footnotes":""},"class_list":["post-40","page","type-page","status-publish","hentry"],"_links":{"self":[{"href":"https:\/\/kmk-schwandorf.de\/index.php?rest_route=\/wp\/v2\/pages\/40","targetHints":{"allow":["GET"]}}],"collection":[{"href":"https:\/\/kmk-schwandorf.de\/index.php?rest_route=\/wp\/v2\/pages"}],"about":[{"href":"https:\/\/kmk-schwandorf.de\/index.php?rest_route=\/wp\/v2\/types\/page"}],"author":[{"embeddable":true,"href":"https:\/\/kmk-schwandorf.de\/index.php?rest_route=\/wp\/v2\/users\/1"}],"replies":[{"embeddable":true,"href":"https:\/\/kmk-schwandorf.de\/index.php?rest_route=%2Fwp%2Fv2%2Fcomments&post=40"}],"version-history":[{"count":96,"href":"https:\/\/kmk-schwandorf.de\/index.php?rest_route=\/wp\/v2\/pages\/40\/revisions"}],"predecessor-version":[{"id":902,"href":"https:\/\/kmk-schwandorf.de\/index.php?rest_route=\/wp\/v2\/pages\/40\/revisions\/902"}],"wp:attachment":[{"href":"https:\/\/kmk-schwandorf.de\/index.php?rest_route=%2Fwp%2Fv2%2Fmedia&parent=40"}],"curies":[{"name":"wp","href":"https:\/\/api.w.org\/{rel}","templated":true}]}}